{"id":20869,"date":"2023-05-29T17:20:49","date_gmt":"2023-05-29T14:20:49","guid":{"rendered":"https:\/\/kipsporand.ee\/?page_id=20869"},"modified":"2023-05-29T17:20:49","modified_gmt":"2023-05-29T14:20:49","slug":"tietosuojakaytanto","status":"publish","type":"page","link":"https:\/\/www.kipsporand.ee\/fi\/tietosuojakaytanto\/","title":{"rendered":"Tietosuojak\u00e4yt\u00e4nt\u00f6"},"content":{"rendered":"<div class=\"fusion-fullwidth fullwidth-box fusion-builder-row-1 fusion-flex-container nonhundred-percent-fullwidth non-hundred-percent-height-scrolling\" style=\"--awb-border-radius-top-left:0px;--awb-border-radius-top-right:0px;--awb-border-radius-bottom-right:0px;--awb-border-radius-bottom-left:0px;--awb-flex-wrap:wrap;\" ><div class=\"fusion-builder-row fusion-row fusion-flex-align-items-flex-start fusion-flex-content-wrap\" style=\"max-width:calc( 1100px + 0px );margin-left: calc(-0px \/ 2 );margin-right: calc(-0px \/ 2 );\"><div class=\"fusion-layout-column fusion_builder_column fusion-builder-column-0 fusion_builder_column_1_1 1_1 fusion-flex-column\" style=\"--awb-bg-size:cover;--awb-width-large:100%;--awb-margin-top-large:0px;--awb-spacing-right-large:0px;--awb-margin-bottom-large:20px;--awb-spacing-left-large:0px;--awb-width-medium:100%;--awb-spacing-right-medium:0px;--awb-spacing-left-medium:0px;--awb-width-small:100%;--awb-spacing-right-small:0px;--awb-spacing-left-small:0px;\"><div class=\"fusion-column-wrapper fusion-column-has-shadow fusion-flex-justify-content-flex-start fusion-content-layout-column\"><div class=\"fusion-text fusion-text-1\"><p>VS NORD O\u00dc:lle on t\u00e4rke\u00e4\u00e4 teid\u00e4n yksityisyys ja noudattaa kaikkia voimassa olevia lakeja ja m\u00e4\u00e4r\u00e4yksi\u00e4 koskien henkil\u00f6tietoja, joita voimme ker\u00e4t\u00e4 teist\u00e4, kun vierailette verkkosivustollamme kipsporand.ee. K\u00e4ytt\u00e4m\u00e4ll\u00e4 verkkosivustoamme suostut siihen, ett\u00e4 ker\u00e4\u00e4mme ja k\u00e4yt\u00e4mme tietojasi t\u00e4m\u00e4n yksityisyydensuojak\u00e4yt\u00e4nn\u00f6n mukaisesti.<\/p>\n<p>T\u00e4m\u00e4n yksityisyydensuojak\u00e4yt\u00e4nn\u00f6n avulla haluamme selvent\u00e4\u00e4, mit\u00e4 tietoja ker\u00e4\u00e4mme, miten niit\u00e4 k\u00e4yt\u00e4mme ja mitk\u00e4 ovat oikeutenne tietojenne suojaamiseen. T\u00e4m\u00e4 politiikka koskee ainoastaan verkkosivustoamme ja sen k\u00e4vij\u00f6it\u00e4 eik\u00e4 sit\u00e4 sovelleta muihin kanavien kautta ker\u00e4ttyihin tietoihin.<\/p>\n<p>Tietojesi k\u00e4sittelij\u00e4 on VS NORD O\u00dc<\/p>\n<p>yrityksen rekisterinumero: 12304946<\/p>\n<p>s\u00e4hk\u00f6posti: <a href=\"mailto:roman@kipsporand.ee\" target=\"_new\" rel=\"noopener\">roman@kipsporand.ee<\/a><\/p>\n<p>puhelinnumero: +372 521 0182<\/p>\n<p>Ker\u00e4\u00e4mme ja k\u00e4sittelemme tietoja Euroopan unionin yleisen tietosuoja-asetuksen (GDPR) mukaisesti, joka tuli voimaan 25.5.2018.<\/p>\n<p>Tietojen ker\u00e4\u00e4minen ja k\u00e4ytt\u00f6 Mit\u00e4 tietoja ker\u00e4\u00e4mme<\/p>\n<p>Ker\u00e4\u00e4m\u00e4mme tiedot sis\u00e4lt\u00e4v\u00e4t sek\u00e4 tiedot, jotka tiedostamatta ja aktiivisesti jaatte meille palvelujemme tai kampanjoidemme k\u00e4yt\u00f6n yhteydess\u00e4 tai niiss\u00e4 osallistuessanne, ett\u00e4 kaikki tiedot, jotka laitteesi v\u00e4litt\u00e4\u00e4 p\u00e4\u00e4stess\u00e4\u00e4n k\u00e4siksi tuotteisiimme ja palveluihimme.<\/p>\n<p>Ker\u00e4\u00e4m\u00e4mme tiedot sis\u00e4lt\u00e4v\u00e4t tiedot, jotka olette tietoisesti jakaneet meille palvelujemme tai kampanjoidemme k\u00e4yt\u00f6n yhteydess\u00e4, sek\u00e4 tiedot, jotka laitteenne v\u00e4litt\u00e4v\u00e4t meille automaattisesti.<\/p>\n<p>Henkil\u00f6tietosi voivat saapua meille seuraavilla tavoilla:<\/p>\n<p>Kun otatte meihin yhteytt\u00e4 puhelimitse, s\u00e4hk\u00f6postitse tai online-keskustelun kautta Kun selaatte verkkosivustoa kipsporand.ee Kun kommentoitte, tykk\u00e4\u00e4tte tai jaatte jonkin postauksen sosiaalisen median tileill\u00e4mme Kun liitytte uutiskirjeeseemme Kun kommentoitte verkkosivustollamme olevia postauksia Ker\u00e4tt\u00e4v\u00e4t tietotyypit Henkil\u00f6tiedot<\/p>\n<p>Pyyd\u00e4mme teilt\u00e4 henkil\u00f6kohtaista tietoa vain, kun se on tarpeen palvelun tarjoamiseksi teille. Otaessanne meihin yhteytt\u00e4 tai vierailessanne verkkosivustollamme, saatatte jakaa kanssamme seuraavia tietoja:<\/p>\n<p>Etunimi ja sukunimi S\u00e4hk\u00f6postiosoite Puhelinnumero Teid\u00e4n ja meid\u00e4n v\u00e4linen keskusteluhistoria Lokitiedostot<\/p>\n<p>Verkkosivustomme kipsporand.ee tallentaa lokitiedostoja vierailijoistaan. Ker\u00e4tt\u00e4v\u00e4t tiedot voivat sis\u00e4lt\u00e4\u00e4:<\/p>\n<p>K\u00e4ytetyn laitteen tyyppi Internet-protokollaosoite (IP) Selaintyyppi Internet-palveluntarjoaja (ISP) Verkkosivuston vierailun p\u00e4iv\u00e4m\u00e4\u00e4r\u00e4 ja aika Kirjautumis- ja poistumissivun klikkausten m\u00e4\u00e4r\u00e4 verkkosivustolla<\/p>\n<p>Lokitiedostoissa olevia tietoja k\u00e4ytet\u00e4\u00e4n trendien analysointiin, verkkosivuston hallinnointiin, k\u00e4vij\u00f6iden toiminnan seurantaan sek\u00e4 demografisten tietojen ker\u00e4\u00e4miseen. Saatuja tietoja ei ole tarkoitettu eik\u00e4 niiden perusteella voi tunnistaa henkil\u00f6\u00e4.<\/p>\n<p>Ev\u00e4steet<\/p>\n<p>Kuten useimmat verkkosivustot, my\u00f6s kipsporand.ee k\u00e4ytt\u00e4\u00e4 &#8221;ev\u00e4steit\u00e4&#8221;. Ev\u00e4ste on k\u00e4yt\u00e4nn\u00f6ss\u00e4 tekstipohjainen tiedosto, joka tallentuu k\u00e4ytt\u00e4j\u00e4n laitteelle verkkosivustoa k\u00e4ytett\u00e4ess\u00e4. Ev\u00e4steiden avulla asetetaan ja tallennetaan asetuksia, alueellisia asetuksia, palvelujen k\u00e4ytt\u00f6valintoja ja muuta.<\/p>\n<p>Jos haluat, voit est\u00e4\u00e4 ev\u00e4steiden k\u00e4yt\u00f6n selaimen asetuksista, mutta t\u00e4ss\u00e4 tapauksessa saatat kokea h\u00e4iri\u00f6it\u00e4 tarjoamassamme palvelussa.<\/p>\n<p>Ev\u00e4steet jaetaan pysyviin ja istuntokohtaisiin ev\u00e4steisiin. Pysyv\u00e4t ev\u00e4steet j\u00e4\u00e4v\u00e4t henkil\u00f6kohtaiseen tietokoneeseenne tai mobiililaitteeseenne my\u00f6s selaimen tai tietokoneen sulkemisen j\u00e4lkeen. Istuntokohtaiset ev\u00e4steet poistetaan v\u00e4litt\u00f6m\u00e4sti selaimen sulkemisen j\u00e4lkeen.<\/p>\n<p>Ev\u00e4steet jaetaan tarkoituksen mukaan seuraavasti:<\/p>\n<p>V\u00e4ltt\u00e4m\u00e4tt\u00f6m\u00e4t ev\u00e4steet. Istuntokohtaiset ev\u00e4steet, joiden tarkoituksena on mahdollistaa tarjoamiemme palveluiden k\u00e4ytt\u00f6. N\u00e4m\u00e4 ev\u00e4steet auttavat k\u00e4ytt\u00e4ji\u00e4 tunnistautumaan ja est\u00e4v\u00e4t k\u00e4ytt\u00e4j\u00e4tilien v\u00e4\u00e4rink\u00e4yt\u00f6n. Ilman n\u00e4it\u00e4 ev\u00e4steit\u00e4 emme voi tarjota haluamianne palveluita.<\/p>\n<p>Ilmoitusev\u00e4steet. N\u00e4m\u00e4 ev\u00e4steet tunnistavat, ovatko k\u00e4ytt\u00e4j\u00e4t hyv\u00e4ksyneet ev\u00e4steiden k\u00e4yt\u00f6n verkkosivustolla.<\/p>\n<p>Toiminnallisuusev\u00e4steet. N\u00e4m\u00e4 ev\u00e4steet mahdollistavat selaimen muistavan valinnat, joita teette verkkosivuston k\u00e4yt\u00f6n yhteydess\u00e4, kuten kirjautumistietojen tai kieliasetusten tallentamisen. N\u00e4iden ev\u00e4steiden tarkoituksena on tarjota teille personoidumpi kokemus ja v\u00e4ltt\u00e4\u00e4 asetusten uudelleen sy\u00f6tt\u00e4mist\u00e4.<\/p>\n<p>Kuinka k\u00e4yt\u00e4mme tietoja<\/p>\n<p>Ker\u00e4tty\u00e4 tietoa voidaan k\u00e4ytt\u00e4\u00e4 eri tarkoituksiin, mukaan lukien:<\/p>\n<p>Verkkosivustomme yll\u00e4pitoon, hallintaan, kehitt\u00e4miseen, personointiin ja laajentamiseen Tilastotietojen ker\u00e4\u00e4miseen, jotta voimme tarjota parempia palveluita ja\/tai tarjouksia sek\u00e4 ymm\u00e4rt\u00e4\u00e4 ja analysoida verkkosivustomme k\u00e4vij\u00f6iden k\u00e4ytt\u00e4ytymist\u00e4 Teid\u00e4n tunnistamiseen puhelimitse, viestien tai s\u00e4hk\u00f6postin v\u00e4lityksell\u00e4 Tiedon l\u00e4hett\u00e4miseen teille ja palautteen pyyt\u00e4miseen palveluistamme Petosten est\u00e4miseen ja verkkosivustomme suojaamiseen Mahdollistaaksemme yhteydenoton kanssamme sosiaalisen median tilin kautta Keskusteluhistorian lukemiseen, jotta voimme tarjota nopeampaa ja asianmukaisempaa neuvontaa Palvelumme laadun parantamiseen ja tehokkaampien selailuratkaisujen tarjoamiseen Uusien tuotteiden tai palveluiden kehitt\u00e4miseen tai niiden toiminnallisuuden parantamiseen Viestint\u00e4v\u00e4lineidemme helpottamiseen ja nopeuttamiseen, kun otatte meihin yhteytt\u00e4 Muihin tarkoituksiin. Esimerkiksi tietojen analysointiin, trendien tutkimiseen, mainoskampanjoidemme tehokkuuden arviointiin. Milloin voimme jakaa tietojanne Voimme jakaa tai siirt\u00e4\u00e4 henkil\u00f6tietojanne liittyen yrityksemme omistajanvaihdoksiin, fuusioihin, varojen myynteihin, rahoitukseen tai yrityskauppoihin. Ilmoitamme teille henkil\u00f6tietojenne siirrosta ja siit\u00e4, milloin niille sovelletaan jonkin toisen yksityisyydensuojak\u00e4yt\u00e4nn\u00f6n ehtoja. Voimme jakaa tietojanne yhteisty\u00f6kumppaneidemme kanssa, edellytt\u00e4en ett\u00e4 he noudattavat t\u00e4t\u00e4 yksityisyydensuojak\u00e4yt\u00e4nt\u00f6\u00e4. Yhteisty\u00f6kumppaneihin kuuluvat emoyhti\u00f6mme ja tyt\u00e4ryhti\u00f6mme, yhteisyrityskumppanimme tai meille kuuluvat yritykset. Voimme jakaa tietojanne liikekumppaneidemme kanssa, jotta voimme tarjota teille tiettyj\u00e4 tuotteita, palveluita tai kampanjoita. Voimme julkaista tietojanne suostumuksellanne muihin tarkoituksiin. Olemme velvollisia paljastamaan henkil\u00f6tietonne, jos laki niin vaatii. Hyv\u00e4ss\u00e4 uskossa voimme my\u00f6s paljastaa tietojanne, jos se on tarpeen lain noudattamiseksi, oikeuksiemme tai omaisuutemme suojelemiseksi, mahdollisten palvelumme k\u00e4ytt\u00f6\u00f6n liittyvien rikkomusten ennaltaehk\u00e4isemiseksi ja havaitsemiseksi sek\u00e4 k\u00e4ytt\u00e4jien turvallisuuden takaamiseksi. Henkil\u00f6tietojenne s\u00e4ilytt\u00e4minen<\/p>\n<p>Yritys s\u00e4ilytt\u00e4\u00e4 henkil\u00f6tietojanne vain niin kauan kuin se on tarpeen t\u00e4ss\u00e4 yksityisyydensuojak\u00e4yt\u00e4nn\u00f6ss\u00e4 m\u00e4\u00e4riteltyjen tarkoitusten kannalta. S\u00e4ilyt\u00e4mme ja k\u00e4yt\u00e4mme henkil\u00f6tietojanne laajuudessa, joka on tarpeen lakis\u00e4\u00e4teisten velvollisuuksiemme noudattamiseksi (esimerkiksi jos meid\u00e4n on s\u00e4ilytett\u00e4v\u00e4 tietonne voimassa olevien lakien noudattamiseksi), riitojen ratkaisemiseksi sek\u00e4 oikeudellisten sopimustemme ja s\u00e4\u00e4nt\u00f6jemme t\u00e4yt\u00e4nt\u00f6\u00f6npanoksi.<\/p>\n<p>Yritys s\u00e4ilytt\u00e4\u00e4 my\u00f6s lokitiedostoja sis\u00e4isen analyysin tarkoituksiin. Yleens\u00e4 lokitiedostoja s\u00e4ilytet\u00e4\u00e4n lyhyemm\u00e4n aikaa, paitsi jos n\u00e4it\u00e4 tietoja k\u00e4ytet\u00e4\u00e4n turvallisuuden vahvistamiseen tai palvelumme toiminnallisuuden parantamiseen tai jos meid\u00e4n on lain mukaan s\u00e4ilytett\u00e4v\u00e4 n\u00e4it\u00e4 tietoja pidemp\u00e4\u00e4n.<\/p>\n<p>Lasten tietojen k\u00e4sittely<\/p>\n<p>Yksik\u00e4\u00e4n tuotteemme tai palvelumme ei ole suunnattu alle 13-vuotiaille lapsille emmek\u00e4 tietoisesti ker\u00e4\u00e4 alle 13-vuotiaiden lasten tietoja. Jos ep\u00e4ilet, ett\u00e4 k\u00e4sittelemme alle 13-vuotiaan henkil\u00f6n tietoja, poistamme kyseisen henkil\u00f6n kaikista tietokannoistamme.<\/p>\n<p>Oikeutenne suojella tietojanne<\/p>\n<p>Teill\u00e4 on aina oikeus olla jakamatta tietojanne kanssamme, tiet\u00e4en ett\u00e4 se voi vaikuttaa kokemukseenne verkkosivustollamme. Jos p\u00e4\u00e4t\u00e4t olla jakamatta tietojanne kanssamme, emme kohtele teit\u00e4 sen vuoksi huonommin. L\u00e4hett\u00e4ess\u00e4nne meille henkil\u00f6kohtaista tietoa ymm\u00e4rr\u00e4tte, ett\u00e4 ker\u00e4\u00e4mme, s\u00e4ilyt\u00e4mme, k\u00e4yt\u00e4mme ja paljastamme sit\u00e4 t\u00e4m\u00e4n yksityisyydensuojak\u00e4yt\u00e4nn\u00f6n mukaisesti. Teill\u00e4 on oikeus pyyt\u00e4\u00e4 tietoja teit\u00e4 koskevista ker\u00e4tt\u00e4vist\u00e4 tiedoista.<\/p>\n<p>Saatessamme henkil\u00f6kohtaista tietoa kolmannelta osapuolelta suojaamme sit\u00e4 t\u00e4m\u00e4n yksityisyydensuojak\u00e4yt\u00e4nn\u00f6n ja Viron tasavallan lains\u00e4\u00e4d\u00e4nn\u00f6n mukaisesti. Jos jaatte itse kolmannen osapuolen tietoja, vahvistatte, ett\u00e4 teill\u00e4 on siihen oikeus ja lupa.<\/p>\n<p>Vaikka olisitte aiemmin antanut suostumuksenne jakaa henkil\u00f6kohtaisia tietojanne markkinointitarkoituksiin, teill\u00e4 on aina oikeus muuttaa mielt\u00e4nne. Teill\u00e4 on my\u00f6s aina oikeus peruuttaa yhteydenotto kanssamme ja pyyt\u00e4\u00e4 poistamaan tietonne tietokannoistamme. Aika ajoin voimme my\u00f6s pyyt\u00e4\u00e4 lis\u00e4tietoja henkil\u00f6llisyytenne varmentamiseksi. Jos huomaatte, ett\u00e4 meille antamanne tiedot ovat virheellisi\u00e4, vanhentuneita, puutteellisia, merkityksett\u00f6mi\u00e4 tai harhaanjohtavia, ottakaa meihin yhteytt\u00e4 s\u00e4hk\u00f6postitse <a href=\"mailto:roman@kipsporand.ee\" target=\"_new\" rel=\"noopener\">roman@kipsporand.ee<\/a> tai puhelimitse +372 521 0182. Teemme parhaamme korjataksemme virheellisi\u00e4, puutteellisia, harhaanjohtavia tai vanhentuneita tietoja.<\/p>\n<p>Jos uskotte, ett\u00e4 olemme rikkoneet soveltuvaa tietosuojalains\u00e4\u00e4d\u00e4nt\u00f6\u00e4 ja haluatte tehd\u00e4 valituksen, ottakaa meihin yhteytt\u00e4 k\u00e4ytt\u00e4en t\u00e4ss\u00e4 asiakirjassa mainittuja yhteystietoja ja toimittakaa meille kaikki rikkomukseen liittyv\u00e4t tiedot. Tutkimme valituksenne v\u00e4litt\u00f6m\u00e4sti ja vastaamme teille kirjallisesti esitt\u00e4en tutkimuksen tulokset ja ilmoittaen toimenpiteist\u00e4, joita toteutamme valituksenne ratkaisemiseksi. Teill\u00e4 on my\u00f6s oikeus k\u00e4\u00e4nty\u00e4 valvontaviranomaisen tai tietosuojaviranomaisen puoleen.<\/p>\n<p>GDPR:n tietosuojaoikeudet<\/p>\n<p>Haluamme varmistaa, ett\u00e4 olette tietoisia kaikista tietosuojaoikeuksistanne. Jokaisella sivuston k\u00e4ytt\u00e4j\u00e4ll\u00e4 on oikeus seuraaviin ehtoihin:<\/p>\n<p>P\u00e4\u00e4syoikeus &#8211; teill\u00e4 on oikeus pyyt\u00e4\u00e4 kopioita henkil\u00f6tiedoistanne. Oikeus tiedon korjaamiseen &#8211; teill\u00e4 on oikeus pyyt\u00e4\u00e4 korjaamaan tiedot, jotka teid\u00e4n mielest\u00e4nne ovat virheellisi\u00e4. Teill\u00e4 on my\u00f6s oikeus pyyt\u00e4\u00e4 t\u00e4ydent\u00e4m\u00e4\u00e4n tietoja, jotka teid\u00e4n mielest\u00e4nne ovat puutteellisia. Poisto-oikeus &#8211; tietyiss\u00e4 tilanteissa teill\u00e4 on oikeus pyyt\u00e4\u00e4 henkil\u00f6tietojenne poistamista. Tietojen k\u00e4sittelyn rajoittamisoikeus &#8211; tietyiss\u00e4 tilanteissa teill\u00e4 on oikeus pyyt\u00e4\u00e4 henkil\u00f6tietojenne k\u00e4yt\u00f6n rajoittamista. Oikeus vastustaa henkil\u00f6tietojen k\u00e4ytt\u00f6\u00e4 &#8211; tietyiss\u00e4 tilanteissa teill\u00e4 on oikeus vastustaa henkil\u00f6tietojenne k\u00e4ytt\u00f6\u00e4. Tietojen siirrett\u00e4vyysoikeus &#8211; tietyiss\u00e4 tilanteissa teill\u00e4 on oikeus pyyt\u00e4\u00e4 meit\u00e4 siirt\u00e4m\u00e4\u00e4n ker\u00e4ttyj\u00e4 tietoja kolmannelle osapuolelle tai suoraan teille. Tietojenne turvallisuus<\/p>\n<p>Henkil\u00f6tietojenne turvallisuus on meille t\u00e4rke\u00e4\u00e4, mutta muistakaa, ett\u00e4 mik\u00e4\u00e4n Internetin tiedonsiirtomenetelm\u00e4 tai s\u00e4hk\u00f6inen tallennusmenetelm\u00e4 ei ole 100% turvallinen. Vaikka teemme parhaamme suojataksemme tietojanne, emme voi taata niiden t\u00e4ydellist\u00e4 turvallisuutta.<\/p>\n<p>VS NORD O\u00dc tekee kohtuullisesti tarvittavat toimenpiteet tietojesi turvallisen k\u00e4sittelyn varmistamiseksi t\u00e4m\u00e4n yksityisyydensuojak\u00e4yt\u00e4nn\u00f6n ja Viron tasavallan lakien mukaisesti. Emme v\u00e4lit\u00e4 tietojanne organisaatioille tai maille, ellei siihen ole painavaa syyt\u00e4 ja tietojesi turvallisuus on taattu.<\/p>\n<p>Viittaus muihin verkkosivustoihin<\/p>\n<p>Verkkosivustollamme saatat l\u00f6yt\u00e4\u00e4 linkkej\u00e4 muihin, meille kuulumattomiin verkkosivustoihin. Jos napsautatte kolmannen osapuolen linkki\u00e4, ohjataan teid\u00e4t kyseisen kolmannen osapuolen sivustolle. Suosittelemme tutustumaan jokaisen vieraillun sivuston yksityisyysk\u00e4yt\u00e4nt\u00f6ihin.<\/p>\n<p>Emme hallitse kolmansien osapuolten sivustoja emmek\u00e4 ota vastuuta niiden sis\u00e4ll\u00f6st\u00e4, yksityisyysk\u00e4yt\u00e4nn\u00f6ist\u00e4, tarjotuista palveluista tai muusta.<\/p>\n<p>Yksityisyydensuojak\u00e4yt\u00e4nn\u00f6n p\u00e4ivitykset<\/p>\n<p>Tarvittaessa meill\u00e4 on oikeus tehd\u00e4 muutoksia t\u00e4h\u00e4n yksityisyydensuojak\u00e4yt\u00e4nn\u00f6n dokumenttiin. P\u00e4ivit\u00e4mme dokumentin p\u00e4ivityksen p\u00e4iv\u00e4m\u00e4\u00e4r\u00e4n t\u00e4m\u00e4n sivun alaosaan. Jos vierailette ja k\u00e4yt\u00e4tte verkkosivustoamme my\u00f6s yksityisyydensuojak\u00e4yt\u00e4nn\u00f6n p\u00e4ivityksen j\u00e4lkeen, katsomme, ett\u00e4 hyv\u00e4ksytte muutokset hiljaisesti.<\/p>\n<p>Viimeksi p\u00e4ivitetty 29\/05\/2023<\/p>\n<\/div><\/div><\/div><\/div><\/div>\n","protected":false},"excerpt":{"rendered":"","protected":false},"author":4,"featured_media":0,"parent":0,"menu_order":0,"comment_status":"closed","ping_status":"closed","template":"","meta":{"inline_featured_image":false,"footnotes":""},"class_list":["post-20869","page","type-page","status-publish","hentry"],"yoast_head":"<!-- This site is optimized with the Yoast SEO plugin v23.3 - https:\/\/yoast.com\/wordpress\/plugins\/seo\/ -->\n<title>Tietosuojak\u00e4yt\u00e4nt\u00f6 - VS Nord<\/title>\n<meta name=\"robots\" content=\"index, follow, max-snippet:-1, max-image-preview:large, max-video-preview:-1\" \/>\n<link rel=\"canonical\" href=\"https:\/\/www.kipsporand.ee\/fi\/tietosuojakaytanto\/\" \/>\n<meta property=\"og:locale\" content=\"fi_FI\" \/>\n<meta property=\"og:type\" content=\"article\" \/>\n<meta property=\"og:title\" content=\"Tietosuojak\u00e4yt\u00e4nt\u00f6 - VS Nord\" \/>\n<meta property=\"og:url\" content=\"https:\/\/www.kipsporand.ee\/fi\/tietosuojakaytanto\/\" \/>\n<meta property=\"og:site_name\" content=\"VS Nord\" \/>\n<meta name=\"twitter:card\" content=\"summary_large_image\" \/>\n<meta name=\"twitter:label1\" content=\"Arvioitu lukuaika\" \/>\n\t<meta name=\"twitter:data1\" content=\"7 minuuttia\" \/>\n<script type=\"application\/ld+json\" class=\"yoast-schema-graph\">{\"@context\":\"https:\/\/schema.org\",\"@graph\":[{\"@type\":\"WebPage\",\"@id\":\"https:\/\/www.kipsporand.ee\/fi\/tietosuojakaytanto\/\",\"url\":\"https:\/\/www.kipsporand.ee\/fi\/tietosuojakaytanto\/\",\"name\":\"Tietosuojak\u00e4yt\u00e4nt\u00f6 - VS Nord\",\"isPartOf\":{\"@id\":\"https:\/\/www.kipsporand.ee\/fi\/#website\"},\"datePublished\":\"2023-05-29T14:20:49+00:00\",\"dateModified\":\"2023-05-29T14:20:49+00:00\",\"breadcrumb\":{\"@id\":\"https:\/\/www.kipsporand.ee\/fi\/tietosuojakaytanto\/#breadcrumb\"},\"inLanguage\":\"fi\",\"potentialAction\":[{\"@type\":\"ReadAction\",\"target\":[\"https:\/\/www.kipsporand.ee\/fi\/tietosuojakaytanto\/\"]}]},{\"@type\":\"BreadcrumbList\",\"@id\":\"https:\/\/www.kipsporand.ee\/fi\/tietosuojakaytanto\/#breadcrumb\",\"itemListElement\":[{\"@type\":\"ListItem\",\"position\":1,\"name\":\"Home\",\"item\":\"https:\/\/www.kipsporand.ee\/fi\/\"},{\"@type\":\"ListItem\",\"position\":2,\"name\":\"Tietosuojak\u00e4yt\u00e4nt\u00f6\"}]},{\"@type\":\"WebSite\",\"@id\":\"https:\/\/www.kipsporand.ee\/fi\/#website\",\"url\":\"https:\/\/www.kipsporand.ee\/fi\/\",\"name\":\"VS Nord\",\"description\":\"Kipsivalu - kaasaegne, allergiavaba, \u00f5huke\",\"potentialAction\":[{\"@type\":\"SearchAction\",\"target\":{\"@type\":\"EntryPoint\",\"urlTemplate\":\"https:\/\/www.kipsporand.ee\/fi\/?s={search_term_string}\"},\"query-input\":\"required name=search_term_string\"}],\"inLanguage\":\"fi\"}]}<\/script>\n<!-- \/ Yoast SEO plugin. -->","yoast_head_json":{"title":"Tietosuojak\u00e4yt\u00e4nt\u00f6 - VS Nord","robots":{"index":"index","follow":"follow","max-snippet":"max-snippet:-1","max-image-preview":"max-image-preview:large","max-video-preview":"max-video-preview:-1"},"canonical":"https:\/\/www.kipsporand.ee\/fi\/tietosuojakaytanto\/","og_locale":"fi_FI","og_type":"article","og_title":"Tietosuojak\u00e4yt\u00e4nt\u00f6 - VS Nord","og_url":"https:\/\/www.kipsporand.ee\/fi\/tietosuojakaytanto\/","og_site_name":"VS Nord","twitter_card":"summary_large_image","twitter_misc":{"Arvioitu lukuaika":"7 minuuttia"},"schema":{"@context":"https:\/\/schema.org","@graph":[{"@type":"WebPage","@id":"https:\/\/www.kipsporand.ee\/fi\/tietosuojakaytanto\/","url":"https:\/\/www.kipsporand.ee\/fi\/tietosuojakaytanto\/","name":"Tietosuojak\u00e4yt\u00e4nt\u00f6 - VS Nord","isPartOf":{"@id":"https:\/\/www.kipsporand.ee\/fi\/#website"},"datePublished":"2023-05-29T14:20:49+00:00","dateModified":"2023-05-29T14:20:49+00:00","breadcrumb":{"@id":"https:\/\/www.kipsporand.ee\/fi\/tietosuojakaytanto\/#breadcrumb"},"inLanguage":"fi","potentialAction":[{"@type":"ReadAction","target":["https:\/\/www.kipsporand.ee\/fi\/tietosuojakaytanto\/"]}]},{"@type":"BreadcrumbList","@id":"https:\/\/www.kipsporand.ee\/fi\/tietosuojakaytanto\/#breadcrumb","itemListElement":[{"@type":"ListItem","position":1,"name":"Home","item":"https:\/\/www.kipsporand.ee\/fi\/"},{"@type":"ListItem","position":2,"name":"Tietosuojak\u00e4yt\u00e4nt\u00f6"}]},{"@type":"WebSite","@id":"https:\/\/www.kipsporand.ee\/fi\/#website","url":"https:\/\/www.kipsporand.ee\/fi\/","name":"VS Nord","description":"Kipsivalu - kaasaegne, allergiavaba, \u00f5huke","potentialAction":[{"@type":"SearchAction","target":{"@type":"EntryPoint","urlTemplate":"https:\/\/www.kipsporand.ee\/fi\/?s={search_term_string}"},"query-input":"required name=search_term_string"}],"inLanguage":"fi"}]}},"_links":{"self":[{"href":"https:\/\/www.kipsporand.ee\/fi\/wp-json\/wp\/v2\/pages\/20869"}],"collection":[{"href":"https:\/\/www.kipsporand.ee\/fi\/wp-json\/wp\/v2\/pages"}],"about":[{"href":"https:\/\/www.kipsporand.ee\/fi\/wp-json\/wp\/v2\/types\/page"}],"author":[{"embeddable":true,"href":"https:\/\/www.kipsporand.ee\/fi\/wp-json\/wp\/v2\/users\/4"}],"replies":[{"embeddable":true,"href":"https:\/\/www.kipsporand.ee\/fi\/wp-json\/wp\/v2\/comments?post=20869"}],"version-history":[{"count":3,"href":"https:\/\/www.kipsporand.ee\/fi\/wp-json\/wp\/v2\/pages\/20869\/revisions"}],"predecessor-version":[{"id":20873,"href":"https:\/\/www.kipsporand.ee\/fi\/wp-json\/wp\/v2\/pages\/20869\/revisions\/20873"}],"wp:attachment":[{"href":"https:\/\/www.kipsporand.ee\/fi\/wp-json\/wp\/v2\/media?parent=20869"}],"curies":[{"name":"wp","href":"https:\/\/api.w.org\/{rel}","templated":true}]}}