{"id":20854,"date":"2023-05-26T12:04:35","date_gmt":"2023-05-26T09:04:35","guid":{"rendered":"https:\/\/kipsporand.ee\/?page_id=20854"},"modified":"2024-08-24T23:18:12","modified_gmt":"2024-08-24T20:18:12","slug":"kontakt","status":"publish","type":"page","link":"https:\/\/www.kipsporand.ee\/fi\/kontakt\/","title":{"rendered":"OTA YHTEYTT\u00c4"},"content":{"rendered":"<div class=\"fusion-fullwidth fullwidth-box fusion-builder-row-1 fusion-flex-container nonhundred-percent-fullwidth non-hundred-percent-height-scrolling\" style=\"--awb-border-radius-top-left:0px;--awb-border-radius-top-right:0px;--awb-border-radius-bottom-right:0px;--awb-border-radius-bottom-left:0px;--awb-flex-wrap:wrap;\" ><div class=\"fusion-builder-row fusion-row fusion-flex-align-items-flex-start fusion-flex-content-wrap\" style=\"max-width:1144px;margin-left: calc(-4% \/ 2 );margin-right: calc(-4% \/ 2 );\"><div class=\"fusion-layout-column fusion_builder_column fusion-builder-column-0 fusion_builder_column_3_5 3_5 fusion-flex-column\" style=\"--awb-bg-size:cover;--awb-width-large:60%;--awb-margin-top-large:0px;--awb-spacing-right-large:3.2%;--awb-margin-bottom-large:20px;--awb-spacing-left-large:3.2%;--awb-width-medium:60%;--awb-spacing-right-medium:3.2%;--awb-spacing-left-medium:3.2%;--awb-width-small:100%;--awb-spacing-right-small:1.92%;--awb-spacing-left-small:1.92%;\"><div class=\"fusion-column-wrapper fusion-flex-justify-content-flex-start fusion-content-layout-column\"><div class=\"fusion-text fusion-text-1 text-cont-re\"><p>Tarkista roskapostisi saadaksesi tarjouksen.<\/p>\n<\/div>\n<div class=\"wpcf7 no-js\" id=\"wpcf7-f21114-o1\" lang=\"et\" dir=\"ltr\">\n<div class=\"screen-reader-response\"><p role=\"status\" aria-live=\"polite\" aria-atomic=\"true\"><\/p> <ul><\/ul><\/div>\n<form action=\"\/fi\/wp-json\/wp\/v2\/pages\/20854#wpcf7-f21114-o1\" method=\"post\" class=\"wpcf7-form init\" aria-label=\"Contact form\" novalidate=\"novalidate\" data-status=\"init\">\n<div style=\"display: none;\">\n<input type=\"hidden\" name=\"_wpcf7\" value=\"21114\" \/>\n<input type=\"hidden\" name=\"_wpcf7_version\" value=\"5.9.8\" \/>\n<input type=\"hidden\" name=\"_wpcf7_locale\" value=\"et\" \/>\n<input type=\"hidden\" name=\"_wpcf7_unit_tag\" value=\"wpcf7-f21114-o1\" \/>\n<input type=\"hidden\" name=\"_wpcf7_container_post\" value=\"0\" \/>\n<input type=\"hidden\" name=\"_wpcf7_posted_data_hash\" value=\"\" \/>\n<input type=\"hidden\" name=\"_wpcf7_recaptcha_response\" value=\"\" \/>\n<\/div>\n<p><span class=\"cfname\"><span class=\"wpcf7-form-control-wrap\" data-name=\"nimi\"><input size=\"40\" maxlength=\"400\" class=\"wpcf7-form-control wpcf7-text wpcf7-validates-as-required\" aria-required=\"true\" aria-invalid=\"false\" placeholder=\"Nimi*\" value=\"\" type=\"text\" name=\"nimi\" \/><\/span><\/span>\n<\/p>\n<div class=\"flexFiels\">\n\t<p><span class=\"cfphone\"><span class=\"wpcf7-form-control-wrap\" data-name=\"telefon\"><input size=\"40\" maxlength=\"400\" class=\"wpcf7-form-control wpcf7-tel wpcf7-validates-as-required wpcf7-text wpcf7-validates-as-tel\" aria-required=\"true\" aria-invalid=\"false\" placeholder=\"Puhelin*\" value=\"\" type=\"tel\" name=\"telefon\" \/><\/span><\/span><span class=\"cfemail\"><span class=\"wpcf7-form-control-wrap\" data-name=\"email\"><input size=\"40\" maxlength=\"400\" class=\"wpcf7-form-control wpcf7-email wpcf7-validates-as-required wpcf7-text wpcf7-validates-as-email\" aria-required=\"true\" aria-invalid=\"false\" placeholder=\"S\u00e4hk\u00f6posti*\" value=\"\" type=\"email\" name=\"email\" \/><\/span><\/span>\n\t<\/p>\n<\/div>\n<div class=\"flexFiels\">\n\t<p><span class=\"cfpindala\"><span class=\"wpcf7-form-control-wrap\" data-name=\"poranda_pindala\"><input size=\"40\" maxlength=\"400\" class=\"wpcf7-form-control wpcf7-text wpcf7-validates-as-required\" aria-required=\"true\" aria-invalid=\"false\" placeholder=\"Lattia-ala (m\u00b2)*\" value=\"\" type=\"text\" name=\"poranda_pindala\" \/><\/span><\/span><span class=\"cfvalatav\"><span class=\"wpcf7-form-control-wrap\" data-name=\"valatav_kihipaksus\"><input size=\"40\" maxlength=\"400\" class=\"wpcf7-form-control wpcf7-text wpcf7-validates-as-required\" aria-required=\"true\" aria-invalid=\"false\" placeholder=\"Kaadettavan kerroksen paksuus (mm)*\" value=\"\" type=\"text\" name=\"valatav_kihipaksus\" \/><\/span><\/span>\n\t<\/p>\n<\/div>\n<div class=\"flexFiels\">\n\t<p><span class=\"cflocation\"><span class=\"wpcf7-form-control-wrap\" data-name=\"asukoht\"><input size=\"40\" maxlength=\"400\" class=\"wpcf7-form-control wpcf7-text wpcf7-validates-as-required\" aria-required=\"true\" aria-invalid=\"false\" placeholder=\"Objektin sijainti*\" value=\"\" type=\"text\" name=\"asukoht\" \/><\/span><\/span><span class=\"cfemail\"><span class=\"wpcf7-form-control-wrap\" data-name=\"korrus\"><input size=\"40\" maxlength=\"400\" class=\"wpcf7-form-control wpcf7-text wpcf7-validates-as-required\" aria-required=\"true\" aria-invalid=\"false\" placeholder=\"Useissa kerroksissa*\" value=\"\" type=\"text\" name=\"korrus\" \/><\/span><\/span>\n\t<\/p>\n<\/div>\n<p><span class=\"cfmessage\"><span class=\"wpcf7-form-control-wrap\" data-name=\"sonum\"><textarea cols=\"40\" rows=\"10\" maxlength=\"2000\" class=\"wpcf7-form-control wpcf7-textarea wpcf7-validates-as-required\" aria-required=\"true\" aria-invalid=\"false\" placeholder=\"Viesti\" name=\"sonum\"><\/textarea><\/span><\/span><br \/>\n<input class=\"wpcf7-form-control wpcf7-submit has-spinner\" type=\"submit\" value=\"L\u00e4hett\u00e4\u00e4\" \/>\n<\/p><div class=\"fusion-alert alert custom alert-custom fusion-alert-center wpcf7-response-output fusion-alert-capitalize awb-alert-native-link-color alert-dismissable awb-alert-close-boxed\" style=\"--awb-border-size:1px;--awb-border-top-left-radius:0px;--awb-border-top-right-radius:0px;--awb-border-bottom-left-radius:0px;--awb-border-bottom-right-radius:0px;\" role=\"alert\"><div class=\"fusion-alert-content-wrapper\"><span class=\"fusion-alert-content\"><\/span><\/div><button type=\"button\" class=\"close toggle-alert\" data-dismiss=\"alert\" aria-label=\"Close\">&times;<\/button><\/div>\n<\/form>\n<\/div>\n<\/div><\/div><div class=\"fusion-layout-column fusion_builder_column fusion-builder-column-1 fusion_builder_column_2_5 2_5 fusion-flex-column\" style=\"--awb-bg-size:cover;--awb-width-large:40%;--awb-margin-top-large:0px;--awb-spacing-right-large:4.8%;--awb-margin-bottom-large:20px;--awb-spacing-left-large:4.8%;--awb-width-medium:40%;--awb-spacing-right-medium:4.8%;--awb-spacing-left-medium:4.8%;--awb-width-small:100%;--awb-spacing-right-small:1.92%;--awb-spacing-left-small:1.92%;\"><div class=\"fusion-column-wrapper fusion-column-has-shadow fusion-flex-justify-content-flex-start fusion-content-layout-column\"><ul style=\"--awb-size:17px;--awb-divider-color:#f6f6f6;--awb-line-height:28.9px;--awb-icon-width:28.9px;--awb-icon-height:28.9px;--awb-icon-margin:11.9px;--awb-content-margin:40.8px;\" class=\"fusion-checklist fusion-checklist-1 fusion-checklist-default fusion-checklist-divider type-icons\"><li class=\"fusion-li-item\" style=\"\"><span class=\"icon-wrapper circle-no\"><i class=\"fusion-li-icon fa-globe-europe fas\" aria-hidden=\"true\"><\/i><\/span><div class=\"fusion-li-item-content\">\n<p><strong>Teemme lattioiden tasoitusta kaikkialla Virossa ja my\u00f6s Suomessa<\/strong><\/p>\n<\/div><\/li><li class=\"fusion-li-item\" style=\"\"><span class=\"icon-wrapper circle-no\"><i class=\"fusion-li-icon fa-copyright far\" aria-hidden=\"true\"><\/i><\/span><div class=\"fusion-li-item-content\">\n<p><a href=\"https:\/\/www.kipsporand.ee\/fi\/poranda-ehitus\/\"><strong>VS NORD O\u00dc<\/strong><\/a><\/p>\n<\/div><\/li><li class=\"fusion-li-item\" style=\"\"><span class=\"icon-wrapper circle-no\"><i class=\"fusion-li-icon fa-phone fas\" aria-hidden=\"true\"><\/i><\/span><div class=\"fusion-li-item-content\">\n<p>+372 521 0182<\/p>\n<\/div><\/li><li class=\"fusion-li-item\" style=\"\"><span class=\"icon-wrapper circle-no\"><i class=\"fusion-li-icon fa-envelope far\" aria-hidden=\"true\"><\/i><\/span><div class=\"fusion-li-item-content\"><a href=\"mailto:roman@kipsporand.ee\">roman@kipsporand.ee<\/a><\/div><\/li><li class=\"fusion-li-item\" style=\"\"><span class=\"icon-wrapper circle-no\"><i class=\"fusion-li-icon fa-registered far\" aria-hidden=\"true\"><\/i><\/span><div class=\"fusion-li-item-content\">\n<p><strong>Registrikood:<\/strong> 12304946<\/p>\n<\/div><\/li><\/ul><\/div><\/div><\/div><\/div>\n","protected":false},"excerpt":{"rendered":"","protected":false},"author":4,"featured_media":0,"parent":0,"menu_order":0,"comment_status":"closed","ping_status":"closed","template":"","meta":{"inline_featured_image":false,"footnotes":""},"class_list":["post-20854","page","type-page","status-publish","hentry"],"yoast_head":"<!-- This site is optimized with the Yoast SEO plugin v23.3 - https:\/\/yoast.com\/wordpress\/plugins\/seo\/ -->\n<title>OTA YHTEYTT\u00c4 - VS Nord<\/title>\n<meta name=\"robots\" content=\"index, follow, max-snippet:-1, max-image-preview:large, max-video-preview:-1\" \/>\n<link rel=\"canonical\" href=\"https:\/\/www.kipsporand.ee\/fi\/kontakt\/\" \/>\n<meta property=\"og:locale\" content=\"fi_FI\" \/>\n<meta property=\"og:type\" content=\"article\" \/>\n<meta property=\"og:title\" content=\"OTA YHTEYTT\u00c4 - VS Nord\" \/>\n<meta property=\"og:url\" content=\"https:\/\/www.kipsporand.ee\/fi\/kontakt\/\" \/>\n<meta property=\"og:site_name\" content=\"VS Nord\" \/>\n<meta property=\"article:modified_time\" content=\"2024-08-24T20:18:12+00:00\" \/>\n<meta name=\"twitter:card\" content=\"summary_large_image\" \/>\n<meta name=\"twitter:label1\" content=\"Arvioitu lukuaika\" \/>\n\t<meta name=\"twitter:data1\" content=\"2 minuuttia\" \/>\n<script type=\"application\/ld+json\" class=\"yoast-schema-graph\">{\"@context\":\"https:\/\/schema.org\",\"@graph\":[{\"@type\":\"WebPage\",\"@id\":\"https:\/\/www.kipsporand.ee\/fi\/kontakt\/\",\"url\":\"https:\/\/www.kipsporand.ee\/fi\/kontakt\/\",\"name\":\"OTA YHTEYTT\u00c4 - VS Nord\",\"isPartOf\":{\"@id\":\"https:\/\/www.kipsporand.ee\/fi\/#website\"},\"datePublished\":\"2023-05-26T09:04:35+00:00\",\"dateModified\":\"2024-08-24T20:18:12+00:00\",\"breadcrumb\":{\"@id\":\"https:\/\/www.kipsporand.ee\/fi\/kontakt\/#breadcrumb\"},\"inLanguage\":\"fi\",\"potentialAction\":[{\"@type\":\"ReadAction\",\"target\":[\"https:\/\/www.kipsporand.ee\/fi\/kontakt\/\"]}]},{\"@type\":\"BreadcrumbList\",\"@id\":\"https:\/\/www.kipsporand.ee\/fi\/kontakt\/#breadcrumb\",\"itemListElement\":[{\"@type\":\"ListItem\",\"position\":1,\"name\":\"Home\",\"item\":\"https:\/\/www.kipsporand.ee\/fi\/\"},{\"@type\":\"ListItem\",\"position\":2,\"name\":\"OTA YHTEYTT\u00c4\"}]},{\"@type\":\"WebSite\",\"@id\":\"https:\/\/www.kipsporand.ee\/fi\/#website\",\"url\":\"https:\/\/www.kipsporand.ee\/fi\/\",\"name\":\"VS Nord\",\"description\":\"Kipsivalu - kaasaegne, allergiavaba, \u00f5huke\",\"potentialAction\":[{\"@type\":\"SearchAction\",\"target\":{\"@type\":\"EntryPoint\",\"urlTemplate\":\"https:\/\/www.kipsporand.ee\/fi\/?s={search_term_string}\"},\"query-input\":\"required name=search_term_string\"}],\"inLanguage\":\"fi\"}]}<\/script>\n<!-- \/ Yoast SEO plugin. -->","yoast_head_json":{"title":"OTA YHTEYTT\u00c4 - VS Nord","robots":{"index":"index","follow":"follow","max-snippet":"max-snippet:-1","max-image-preview":"max-image-preview:large","max-video-preview":"max-video-preview:-1"},"canonical":"https:\/\/www.kipsporand.ee\/fi\/kontakt\/","og_locale":"fi_FI","og_type":"article","og_title":"OTA YHTEYTT\u00c4 - VS Nord","og_url":"https:\/\/www.kipsporand.ee\/fi\/kontakt\/","og_site_name":"VS Nord","article_modified_time":"2024-08-24T20:18:12+00:00","twitter_card":"summary_large_image","twitter_misc":{"Arvioitu lukuaika":"2 minuuttia"},"schema":{"@context":"https:\/\/schema.org","@graph":[{"@type":"WebPage","@id":"https:\/\/www.kipsporand.ee\/fi\/kontakt\/","url":"https:\/\/www.kipsporand.ee\/fi\/kontakt\/","name":"OTA YHTEYTT\u00c4 - VS Nord","isPartOf":{"@id":"https:\/\/www.kipsporand.ee\/fi\/#website"},"datePublished":"2023-05-26T09:04:35+00:00","dateModified":"2024-08-24T20:18:12+00:00","breadcrumb":{"@id":"https:\/\/www.kipsporand.ee\/fi\/kontakt\/#breadcrumb"},"inLanguage":"fi","potentialAction":[{"@type":"ReadAction","target":["https:\/\/www.kipsporand.ee\/fi\/kontakt\/"]}]},{"@type":"BreadcrumbList","@id":"https:\/\/www.kipsporand.ee\/fi\/kontakt\/#breadcrumb","itemListElement":[{"@type":"ListItem","position":1,"name":"Home","item":"https:\/\/www.kipsporand.ee\/fi\/"},{"@type":"ListItem","position":2,"name":"OTA YHTEYTT\u00c4"}]},{"@type":"WebSite","@id":"https:\/\/www.kipsporand.ee\/fi\/#website","url":"https:\/\/www.kipsporand.ee\/fi\/","name":"VS Nord","description":"Kipsivalu - kaasaegne, allergiavaba, \u00f5huke","potentialAction":[{"@type":"SearchAction","target":{"@type":"EntryPoint","urlTemplate":"https:\/\/www.kipsporand.ee\/fi\/?s={search_term_string}"},"query-input":"required name=search_term_string"}],"inLanguage":"fi"}]}},"_links":{"self":[{"href":"https:\/\/www.kipsporand.ee\/fi\/wp-json\/wp\/v2\/pages\/20854"}],"collection":[{"href":"https:\/\/www.kipsporand.ee\/fi\/wp-json\/wp\/v2\/pages"}],"about":[{"href":"https:\/\/www.kipsporand.ee\/fi\/wp-json\/wp\/v2\/types\/page"}],"author":[{"embeddable":true,"href":"https:\/\/www.kipsporand.ee\/fi\/wp-json\/wp\/v2\/users\/4"}],"replies":[{"embeddable":true,"href":"https:\/\/www.kipsporand.ee\/fi\/wp-json\/wp\/v2\/comments?post=20854"}],"version-history":[{"count":5,"href":"https:\/\/www.kipsporand.ee\/fi\/wp-json\/wp\/v2\/pages\/20854\/revisions"}],"predecessor-version":[{"id":21115,"href":"https:\/\/www.kipsporand.ee\/fi\/wp-json\/wp\/v2\/pages\/20854\/revisions\/21115"}],"wp:attachment":[{"href":"https:\/\/www.kipsporand.ee\/fi\/wp-json\/wp\/v2\/media?parent=20854"}],"curies":[{"name":"wp","href":"https:\/\/api.w.org\/{rel}","templated":true}]}}