{"id":20569,"date":"2015-09-14T00:00:52","date_gmt":"2015-09-13T21:00:52","guid":{"rendered":"https:\/\/kipsporand.ee\/vs-nord\/"},"modified":"2020-03-24T13:28:03","modified_gmt":"2020-03-24T11:28:03","slug":"vs-nord","status":"publish","type":"page","link":"https:\/\/www.kipsporand.ee\/fi\/vs-nord\/","title":{"rendered":"Kipsivalun edut"},"content":{"rendered":"<div class=\"fusion-fullwidth fullwidth-box fusion-builder-row-1 fusion-flex-container nonhundred-percent-fullwidth non-hundred-percent-height-scrolling\" style=\"--awb-border-radius-top-left:0px;--awb-border-radius-top-right:0px;--awb-border-radius-bottom-right:0px;--awb-border-radius-bottom-left:0px;--awb-flex-wrap:wrap;\" ><div class=\"fusion-builder-row fusion-row fusion-flex-align-items-flex-start fusion-flex-content-wrap\" style=\"max-width:calc( 1100px + 0px );margin-left: calc(-0px \/ 2 );margin-right: calc(-0px \/ 2 );\"><div class=\"fusion-layout-column fusion_builder_column fusion-builder-column-0 fusion_builder_column_1_1 1_1 fusion-flex-column\" style=\"--awb-bg-size:cover;--awb-width-large:100%;--awb-margin-top-large:0px;--awb-spacing-right-large:0px;--awb-margin-bottom-large:20px;--awb-spacing-left-large:0px;--awb-width-medium:100%;--awb-spacing-right-medium:0px;--awb-spacing-left-medium:0px;--awb-width-small:100%;--awb-spacing-right-small:0px;--awb-spacing-left-small:0px;\"><div class=\"fusion-column-wrapper fusion-column-has-shadow fusion-flex-justify-content-flex-start fusion-content-layout-column\"><div class=\"fusion-content-boxes content-boxes columns row fusion-columns-1 fusion-columns-total-9 fusion-content-boxes-1 content-boxes-icon-on-side content-left\" style=\"--awb-body-color:#333333;--awb-title-color:#ff7b00;--awb-iconcolor:#ff6e00;--awb-hover-accent-color:#ff6e00;--awb-circle-hover-accent-color:transparent;--awb-item-margin-bottom:40px;\" data-animationOffset=\"top-into-view\"><div style=\"--awb-backgroundcolor:rgba(255,255,255,0);--awb-iconcolor:#ff6e00;--awb-content-padding-left:98px;\" class=\"fusion-column content-box-column content-box-column content-box-column-1 col-lg-12 col-md-12 col-sm-12 fusion-content-box-hover content-box-column-last-in-row\"><div class=\"col content-box-wrapper content-wrapper link-area-box content-icon-wrapper-yes icon-hover-animation-slide\" data-animationOffset=\"top-into-view\"><div class=\"heading heading-with-icon icon-left\"><div class=\"icon\"><span style=\"height:76px;width:76px;line-height:41px;border-color:rgba(255,110,0,0.74);border-width:1px;border-style:solid;background-color:rgba(255,110,0,0.15);margin-right:20px;box-sizing:content-box;border-radius:50%;\"><i style=\"border-color:rgba(255,110,0,0.15);border-width:3px;background-color:rgba(255,255,255,0);box-sizing:content-box;height:70px;width:70px;line-height:70px;border-radius:50%;position:relative;top:auto;left:auto;margin:0;border-radius:50%;font-size:35px;\" aria-hidden=\"true\" class=\"fontawesome-icon fa-lightbulb far circle-yes\"><\/i><\/span><\/div><h2 class=\"content-box-heading\" style=\"--h2_typography-font-size:23px;line-height:28px;padding-left:98px;\">Kipsivalulattia on innovatiivisuus<\/h2><\/div><div class=\"fusion-clearfix\"><\/div><div class=\"content-container\">\n<p>Kipsivalu on sek\u00e4 innovatiivinen ett\u00e4 moderni ja sopii kaikenlaisiin taloihin ja huoneistoihin, olipa kyse sitten puu- tai kivitalosta. Ihanteellinen, mik\u00e4li haluat saavuttaa suorat lattiat edulliseen hintaan ja nopeasti. Olipa kyseess\u00e4 sitten vanha talo tai uutisrakennus.<\/p>\n<\/div><\/div><\/div><div style=\"--awb-backgroundcolor:rgba(255,255,255,0);--awb-iconcolor:#ff6e00;--awb-content-padding-left:98px;\" class=\"fusion-column content-box-column content-box-column content-box-column-2 col-lg-12 col-md-12 col-sm-12 fusion-content-box-hover content-box-column-last-in-row\"><div class=\"col content-box-wrapper content-wrapper link-area-box content-icon-wrapper-yes icon-hover-animation-slide\" data-animationOffset=\"top-into-view\"><div class=\"heading heading-with-icon icon-left\"><div class=\"icon\"><span style=\"height:76px;width:76px;line-height:41px;border-color:rgba(255,110,0,0.74);border-width:1px;border-style:solid;background-color:rgba(255,110,0,0.15);margin-right:20px;box-sizing:content-box;border-radius:50%;\"><i style=\"border-color:rgba(255,110,0,0.15);border-width:3px;background-color:rgba(255,255,255,0);box-sizing:content-box;height:70px;width:70px;line-height:70px;border-radius:50%;position:relative;top:auto;left:auto;margin:0;border-radius:50%;font-size:35px;\" aria-hidden=\"true\" class=\"fontawesome-icon fa-hourglass far circle-yes\"><\/i><\/span><\/div><h2 class=\"content-box-heading\" style=\"--h2_typography-font-size:23px;line-height:28px;padding-left:98px;\">Nopeasti kuivuva<\/h2><\/div><div class=\"fusion-clearfix\"><\/div><div class=\"content-container\">\n<p>Valetut kipsilattiat kuivuvat niin nopeasti, ett\u00e4 voit k\u00e4vell\u00e4 niitten p\u00e4\u00e4ll\u00e4 jo seuraavana p\u00e4iv\u00e4n\u00e4. Kolmen p\u00e4iv\u00e4n kuluttua lattia on jo t\u00e4ysin kuormitusta kest\u00e4v\u00e4 ja viidenten\u00e4 p\u00e4iv\u00e4n\u00e4 saa jo kytke\u00e4 lattial\u00e4mmityksen p\u00e4\u00e4lle.<\/p>\n<\/div><\/div><\/div><div style=\"--awb-backgroundcolor:rgba(255,255,255,0);--awb-iconcolor:#ff6e00;--awb-content-padding-left:98px;\" class=\"fusion-column content-box-column content-box-column content-box-column-3 col-lg-12 col-md-12 col-sm-12 fusion-content-box-hover content-box-column-last-in-row\"><div class=\"col content-box-wrapper content-wrapper link-area-box content-icon-wrapper-yes icon-hover-animation-slide\" data-animationOffset=\"top-into-view\"><div class=\"heading heading-with-icon icon-left\"><div class=\"icon\"><span style=\"height:76px;width:76px;line-height:41px;border-color:rgba(255,110,0,0.74);border-width:1px;border-style:solid;background-color:rgba(255,110,0,0.15);margin-right:20px;box-sizing:content-box;border-radius:50%;\"><i style=\"border-color:rgba(255,110,0,0.15);border-width:3px;background-color:rgba(255,255,255,0);box-sizing:content-box;height:70px;width:70px;line-height:70px;border-radius:50%;position:relative;top:auto;left:auto;margin:0;border-radius:50%;font-size:35px;\" aria-hidden=\"true\" class=\"fontawesome-icon fa-pagelines fab circle-yes\"><\/i><\/span><\/div><h2 class=\"content-box-heading\" style=\"--h2_typography-font-size:23px;line-height:28px;padding-left:98px;\">Allergiavapaa ja ymp\u00e4rist\u00f6yst\u00e4v\u00e4llinen<\/h2><\/div><div class=\"fusion-clearfix\"><\/div><div class=\"content-container\">\n<p>Kipsi on luonnollinen materiaali, eik\u00e4 se vapauta allergeenista p\u00f6ly\u00e4, verrattuna betonilattiaan. Se on ihanteellinen k\u00e4ytett\u00e4v\u00e4ksi p\u00e4iv\u00e4kodeissa, lastenhuoneissa allergikoille tarkoitetuissa huoneissa sek\u00e4 julkisissa tiloissa ja rakennuksissa.<\/p>\n<\/div><\/div><\/div><div style=\"--awb-backgroundcolor:rgba(255,255,255,0);--awb-iconcolor:#ff6e00;--awb-content-padding-left:98px;\" class=\"fusion-column content-box-column content-box-column content-box-column-4 col-lg-12 col-md-12 col-sm-12 fusion-content-box-hover content-box-column-last-in-row\"><div class=\"col content-box-wrapper content-wrapper link-area-box content-icon-wrapper-yes icon-hover-animation-slide\" data-animationOffset=\"top-into-view\"><div class=\"heading heading-with-icon icon-left\"><div class=\"icon\"><span style=\"height:76px;width:76px;line-height:41px;border-color:rgba(255,110,0,0.74);border-width:1px;border-style:solid;background-color:rgba(255,110,0,0.15);margin-right:20px;box-sizing:content-box;border-radius:50%;\"><i style=\"border-color:rgba(255,110,0,0.15);border-width:3px;background-color:rgba(255,255,255,0);box-sizing:content-box;height:70px;width:70px;line-height:70px;border-radius:50%;position:relative;top:auto;left:auto;margin:0;border-radius:50%;font-size:35px;\" aria-hidden=\"true\" class=\"fontawesome-icon fa-ruler fas circle-yes\"><\/i><\/span><\/div><h2 class=\"content-box-heading\" style=\"--h2_typography-font-size:23px;line-height:28px;padding-left:98px;\">Ohut<\/h2><\/div><div class=\"fusion-clearfix\"><\/div><div class=\"content-container\">\n<p>Kipsivalun minimi kerrospaksuus on 35 mm. T\u00e4m\u00e4 on erinomainen valinta, mik\u00e4li haluat nostaa lattiapinta mahdollisimman v\u00e4h\u00e4n. Ihanteellinen vanhan talon kunnostamiseen ja lattial\u00e4mmityksen asennukseen puutaloon.<\/p>\n<\/div><\/div><\/div><div style=\"--awb-backgroundcolor:rgba(255,255,255,0);--awb-iconcolor:#ff6e00;--awb-content-padding-left:98px;\" class=\"fusion-column content-box-column content-box-column content-box-column-5 col-lg-12 col-md-12 col-sm-12 fusion-content-box-hover content-box-column-last-in-row\"><div class=\"col content-box-wrapper content-wrapper link-area-box content-icon-wrapper-yes icon-hover-animation-slide\" data-animationOffset=\"top-into-view\"><div class=\"heading heading-with-icon icon-left\"><div class=\"icon\"><span style=\"height:76px;width:76px;line-height:41px;border-color:rgba(255,110,0,0.74);border-width:1px;border-style:solid;background-color:rgba(255,110,0,0.15);margin-right:20px;box-sizing:content-box;border-radius:50%;\"><i style=\"border-color:rgba(255,110,0,0.15);border-width:3px;background-color:rgba(255,255,255,0);box-sizing:content-box;height:70px;width:70px;line-height:70px;border-radius:50%;position:relative;top:auto;left:auto;margin:0;border-radius:50%;font-size:35px;\" aria-hidden=\"true\" class=\"fontawesome-icon fa-volume-down fas circle-yes\"><\/i><\/span><\/div><h2 class=\"content-box-heading\" style=\"--h2_typography-font-size:23px;line-height:28px;padding-left:98px;\">Melunvaimennus<\/h2><\/div><div class=\"fusion-clearfix\"><\/div><div class=\"content-container\">\n<p>Kipsivalu eristysmaton kanssa on paras ratkaisu kerrostaloihin, koska se vaimentaa tehokkaasti matalataajuisen k\u00e4velymelun. Saat rauhallisen kodin, jossa voit rentoutua h\u00e4iritsem\u00e4tt\u00e4.<\/p>\n<\/div><\/div><\/div><div style=\"--awb-backgroundcolor:rgba(255,255,255,0);--awb-iconcolor:#ff6e00;--awb-content-padding-left:98px;\" class=\"fusion-column content-box-column content-box-column content-box-column-6 col-lg-12 col-md-12 col-sm-12 fusion-content-box-hover content-box-column-last-in-row\"><div class=\"col content-box-wrapper content-wrapper link-area-box content-icon-wrapper-yes icon-hover-animation-slide\" data-animationOffset=\"top-into-view\"><div class=\"heading heading-with-icon icon-left\"><div class=\"icon\"><span style=\"height:76px;width:76px;line-height:41px;border-color:rgba(255,110,0,0.74);border-width:1px;border-style:solid;background-color:rgba(255,110,0,0.15);margin-right:20px;box-sizing:content-box;border-radius:50%;\"><i style=\"border-color:rgba(255,110,0,0.15);border-width:3px;background-color:rgba(255,255,255,0);box-sizing:content-box;height:70px;width:70px;line-height:70px;border-radius:50%;position:relative;top:auto;left:auto;margin:0;border-radius:50%;font-size:35px;\" aria-hidden=\"true\" class=\"fontawesome-icon fa-fire-alt fas circle-yes\"><\/i><\/span><\/div><h2 class=\"content-box-heading\" style=\"--h2_typography-font-size:23px;line-height:28px;padding-left:98px;\">Paloturvallisuus<\/h2><\/div><div class=\"fusion-clearfix\"><\/div><div class=\"content-container\">\n<p>Paloturvallisuus on rakentamisen aikana yksi t\u00e4rkeimmist\u00e4 asioista, johon on kiinnitett\u00e4v\u00e4 erityist\u00e4 huomiota. Meill\u00e4 k\u00e4yt\u00f6ss\u00e4 olevat seokset t\u00e4ytt\u00e4v\u00e4t luokan A1 rakennusmateriaalien palonkest\u00e4vyysvaatimukset.<\/p>\n<\/div><\/div><\/div><div style=\"--awb-backgroundcolor:rgba(255,255,255,0);--awb-iconcolor:#ff6e00;--awb-content-padding-left:98px;\" class=\"fusion-column content-box-column content-box-column content-box-column-7 col-lg-12 col-md-12 col-sm-12 fusion-content-box-hover content-box-column-last-in-row\"><div class=\"col content-box-wrapper content-wrapper link-area-box content-icon-wrapper-yes icon-hover-animation-slide\" data-animationOffset=\"top-into-view\"><div class=\"heading heading-with-icon icon-left\"><div class=\"icon\"><span style=\"height:76px;width:76px;line-height:41px;border-color:rgba(255,110,0,0.74);border-width:1px;border-style:solid;background-color:rgba(255,110,0,0.15);margin-right:20px;box-sizing:content-box;border-radius:50%;\"><i style=\"border-color:rgba(255,110,0,0.15);border-width:3px;background-color:rgba(255,255,255,0);box-sizing:content-box;height:70px;width:70px;line-height:70px;border-radius:50%;position:relative;top:auto;left:auto;margin:0;border-radius:50%;font-size:35px;\" aria-hidden=\"true\" class=\"fontawesome-icon fa-temperature-high fas circle-yes\"><\/i><\/span><\/div><h2 class=\"content-box-heading\" style=\"--h2_typography-font-size:23px;line-height:28px;padding-left:98px;\">Erinomainen ja tasainen l\u00e4mm\u00f6njohtavuus<\/h2><\/div><div class=\"fusion-clearfix\"><\/div><div class=\"content-container\">\n<p>Betoniin verrattuna kipsivalulla on alhaisempi l\u00e4mp\u00f6kapasiteetti ja parempi l\u00e4mm\u00f6njohtavuus. T\u00e4m\u00e4 tarkoittaa, ett\u00e4 lattia j\u00e4\u00e4htyy ja l\u00e4mpenee nopeammin, joten tilojen l\u00e4mmitys on huomattavasti energiatehokkaampaa.<\/p>\n<\/div><\/div><\/div><div style=\"--awb-backgroundcolor:rgba(255,255,255,0);--awb-iconcolor:#ff6e00;--awb-content-padding-left:98px;\" class=\"fusion-column content-box-column content-box-column content-box-column-8 col-lg-12 col-md-12 col-sm-12 fusion-content-box-hover content-box-column-last-in-row\"><div class=\"col content-box-wrapper content-wrapper link-area-box content-icon-wrapper-yes icon-hover-animation-slide\" data-animationOffset=\"top-into-view\"><div class=\"heading heading-with-icon icon-left\"><div class=\"icon\"><span style=\"height:76px;width:76px;line-height:41px;border-color:rgba(255,110,0,0.74);border-width:1px;border-style:solid;background-color:rgba(255,110,0,0.15);margin-right:20px;box-sizing:content-box;border-radius:50%;\"><i style=\"border-color:rgba(255,110,0,0.15);border-width:3px;background-color:rgba(255,255,255,0);box-sizing:content-box;height:70px;width:70px;line-height:70px;border-radius:50%;position:relative;top:auto;left:auto;margin:0;border-radius:50%;font-size:35px;\" aria-hidden=\"true\" class=\"fontawesome-icon fa-border-all fas circle-yes\"><\/i><\/span><\/div><h2 class=\"content-box-heading\" style=\"--h2_typography-font-size:23px;line-height:28px;padding-left:98px;\">Ei tarvitse raudoitusta<\/h2><\/div><div class=\"fusion-clearfix\"><\/div><div class=\"content-container\">\n<p>Suuren taivutuslujuuden ansiosta valuun ei tarvita metallivahvistusta. T\u00e4m\u00e4 helpottaa lattiapainetta ja tekee esivalmisteluista paljon helpompaa ja nopeampaa. Menetelm\u00e4 on ihanteellinen puurakenteisen talon toisen kerroksen lattiavaluun.<\/p>\n<\/div><\/div><\/div><div style=\"--awb-backgroundcolor:rgba(255,255,255,0);--awb-iconcolor:#ff6e00;--awb-content-padding-left:98px;\" class=\"fusion-column content-box-column content-box-column content-box-column-9 col-lg-12 col-md-12 col-sm-12 fusion-content-box-hover content-box-column-last content-box-column-last-in-row\"><div class=\"col content-box-wrapper content-wrapper link-area-box content-icon-wrapper-yes icon-hover-animation-slide\" data-animationOffset=\"top-into-view\"><div class=\"heading heading-with-icon icon-left\"><div class=\"icon\"><span style=\"height:76px;width:76px;line-height:41px;border-color:rgba(255,110,0,0.74);border-width:1px;border-style:solid;background-color:rgba(255,110,0,0.15);margin-right:20px;box-sizing:content-box;border-radius:50%;\"><i style=\"border-color:rgba(255,110,0,0.15);border-width:3px;background-color:rgba(255,255,255,0);box-sizing:content-box;height:70px;width:70px;line-height:70px;border-radius:50%;position:relative;top:auto;left:auto;margin:0;border-radius:50%;font-size:35px;\" aria-hidden=\"true\" class=\"fontawesome-icon fa-home fas circle-yes\"><\/i><\/span><\/div><h2 class=\"content-box-heading\" style=\"--h2_typography-font-size:23px;line-height:28px;padding-left:98px;\">Kipsivalulattia sopii k\u00e4ytett\u00e4v\u00e4ksi miss\u00e4 tahansa<\/h2><\/div><div class=\"fusion-clearfix\"><\/div><div class=\"content-container\">\n<p>Soveltuu sek\u00e4 puu- ett\u00e4 kivitaloihin, vanhoihin taloihin sek\u00e4 uusiin rakennuksiin, kerrostaloihin ja asuntoihin, lasten- ja olohuoneisiin, asuintiloihin ja julkisiin tiloihin. Paisuntasaumoja ei k\u00e4yt\u00e4nn\u00f6ss\u00e4 tarvita ja valettu lattia voidaan peitt\u00e4\u00e4 kaikilla yleisimmin k\u00e4ytetyill\u00e4 lattiamateriaaleilla.<\/p>\n<\/div><\/div><\/div><div class=\"fusion-clearfix\"><\/div><\/div><div class=\"fusion-image-element fusion-no-medium-visibility fusion-no-large-visibility\" style=\"text-align:center;--awb-caption-title-font-family:var(--h2_typography-font-family);--awb-caption-title-font-weight:var(--h2_typography-font-weight);--awb-caption-title-font-style:var(--h2_typography-font-style);--awb-caption-title-size:var(--h2_typography-font-size);--awb-caption-title-transform:var(--h2_typography-text-transform);--awb-caption-title-line-height:var(--h2_typography-line-height);--awb-caption-title-letter-spacing:var(--h2_typography-letter-spacing);\"><span class=\" fusion-imageframe imageframe-none imageframe-1 hover-type-none\"><a class=\"fusion-no-lightbox\" href=\"http:\/\/www.knauf.ee\/et\/tooted\/fe-50-largo.html\" target=\"_blank\" aria-label=\"knauf-logo\" rel=\"noopener noreferrer\"><img decoding=\"async\" width=\"300\" height=\"191\" alt=\"knauf-logo\" src=\"https:\/\/kipsporand.ee\/wp-content\/uploads\/2020\/03\/knauf-logo.png\" class=\"img-responsive wp-image-20626\" srcset=\"https:\/\/kipsporand.ee\/wp-content\/uploads\/2020\/03\/knauf-logo-200x127.png 200w, https:\/\/kipsporand.ee\/wp-content\/uploads\/2020\/03\/knauf-logo.png 300w\" sizes=\"(max-width: 640px) 100vw, 300px\" \/><\/a><\/span><\/div><\/div><\/div><\/div><\/div>\n","protected":false},"excerpt":{"rendered":"","protected":false},"author":2,"featured_media":0,"parent":0,"menu_order":0,"comment_status":"closed","ping_status":"closed","template":"","meta":{"inline_featured_image":false,"footnotes":""},"class_list":["post-20569","page","type-page","status-publish","hentry"],"yoast_head":"<!-- This site is optimized with the Yoast SEO plugin v23.3 - https:\/\/yoast.com\/wordpress\/plugins\/seo\/ -->\n<title>Kipsivalulattia | Kipsivalun edut | Sopii k\u00e4ytett\u00e4v\u00e4ksi miss\u00e4 tahansa<\/title>\n<meta name=\"description\" content=\"Kuivuu nopeasti, vaimentaa melua ja tarjoaa erinomaisen l\u00e4mm\u00f6njohtavuuden. On ymp\u00e4rist\u00f6yst\u00e4v\u00e4llinen, allergiavapaa. Kipsivalulattia sopii k\u00e4ytett\u00e4v\u00e4k..\" \/>\n<meta name=\"robots\" content=\"index, follow, max-snippet:-1, max-image-preview:large, max-video-preview:-1\" \/>\n<link rel=\"canonical\" href=\"https:\/\/www.kipsporand.ee\/fi\/vs-nord\/\" \/>\n<meta property=\"og:locale\" content=\"fi_FI\" \/>\n<meta property=\"og:type\" content=\"article\" \/>\n<meta property=\"og:title\" content=\"Kipsivalulattia | Kipsivalun edut | Sopii k\u00e4ytett\u00e4v\u00e4ksi miss\u00e4 tahansa\" \/>\n<meta property=\"og:description\" content=\"Kuivuu nopeasti, vaimentaa melua ja tarjoaa erinomaisen l\u00e4mm\u00f6njohtavuuden. On ymp\u00e4rist\u00f6yst\u00e4v\u00e4llinen, allergiavapaa. Kipsivalulattia sopii k\u00e4ytett\u00e4v\u00e4k..\" \/>\n<meta property=\"og:url\" content=\"https:\/\/www.kipsporand.ee\/fi\/vs-nord\/\" \/>\n<meta property=\"og:site_name\" content=\"VS Nord\" \/>\n<meta property=\"article:modified_time\" content=\"2020-03-24T11:28:03+00:00\" \/>\n<meta name=\"twitter:card\" content=\"summary_large_image\" \/>\n<meta name=\"twitter:label1\" content=\"Arvioitu lukuaika\" \/>\n\t<meta name=\"twitter:data1\" content=\"6 minuuttia\" \/>\n<script type=\"application\/ld+json\" class=\"yoast-schema-graph\">{\"@context\":\"https:\/\/schema.org\",\"@graph\":[{\"@type\":\"WebPage\",\"@id\":\"https:\/\/www.kipsporand.ee\/fi\/vs-nord\/\",\"url\":\"https:\/\/www.kipsporand.ee\/fi\/vs-nord\/\",\"name\":\"Kipsivalulattia | Kipsivalun edut | Sopii k\u00e4ytett\u00e4v\u00e4ksi miss\u00e4 tahansa\",\"isPartOf\":{\"@id\":\"https:\/\/www.kipsporand.ee\/fi\/#website\"},\"datePublished\":\"2015-09-13T21:00:52+00:00\",\"dateModified\":\"2020-03-24T11:28:03+00:00\",\"description\":\"Kuivuu nopeasti, vaimentaa melua ja tarjoaa erinomaisen l\u00e4mm\u00f6njohtavuuden. On ymp\u00e4rist\u00f6yst\u00e4v\u00e4llinen, allergiavapaa. Kipsivalulattia sopii k\u00e4ytett\u00e4v\u00e4k..\",\"breadcrumb\":{\"@id\":\"https:\/\/www.kipsporand.ee\/fi\/vs-nord\/#breadcrumb\"},\"inLanguage\":\"fi\",\"potentialAction\":[{\"@type\":\"ReadAction\",\"target\":[\"https:\/\/www.kipsporand.ee\/fi\/vs-nord\/\"]}]},{\"@type\":\"BreadcrumbList\",\"@id\":\"https:\/\/www.kipsporand.ee\/fi\/vs-nord\/#breadcrumb\",\"itemListElement\":[{\"@type\":\"ListItem\",\"position\":1,\"name\":\"Home\",\"item\":\"https:\/\/www.kipsporand.ee\/fi\/\"},{\"@type\":\"ListItem\",\"position\":2,\"name\":\"Kipsivalun edut\"}]},{\"@type\":\"WebSite\",\"@id\":\"https:\/\/www.kipsporand.ee\/fi\/#website\",\"url\":\"https:\/\/www.kipsporand.ee\/fi\/\",\"name\":\"VS Nord\",\"description\":\"Kipsivalu - kaasaegne, allergiavaba, \u00f5huke\",\"potentialAction\":[{\"@type\":\"SearchAction\",\"target\":{\"@type\":\"EntryPoint\",\"urlTemplate\":\"https:\/\/www.kipsporand.ee\/fi\/?s={search_term_string}\"},\"query-input\":\"required name=search_term_string\"}],\"inLanguage\":\"fi\"}]}<\/script>\n<!-- \/ Yoast SEO plugin. -->","yoast_head_json":{"title":"Kipsivalulattia | Kipsivalun edut | Sopii k\u00e4ytett\u00e4v\u00e4ksi miss\u00e4 tahansa","description":"Kuivuu nopeasti, vaimentaa melua ja tarjoaa erinomaisen l\u00e4mm\u00f6njohtavuuden. On ymp\u00e4rist\u00f6yst\u00e4v\u00e4llinen, allergiavapaa. Kipsivalulattia sopii k\u00e4ytett\u00e4v\u00e4k..","robots":{"index":"index","follow":"follow","max-snippet":"max-snippet:-1","max-image-preview":"max-image-preview:large","max-video-preview":"max-video-preview:-1"},"canonical":"https:\/\/www.kipsporand.ee\/fi\/vs-nord\/","og_locale":"fi_FI","og_type":"article","og_title":"Kipsivalulattia | Kipsivalun edut | Sopii k\u00e4ytett\u00e4v\u00e4ksi miss\u00e4 tahansa","og_description":"Kuivuu nopeasti, vaimentaa melua ja tarjoaa erinomaisen l\u00e4mm\u00f6njohtavuuden. On ymp\u00e4rist\u00f6yst\u00e4v\u00e4llinen, allergiavapaa. Kipsivalulattia sopii k\u00e4ytett\u00e4v\u00e4k..","og_url":"https:\/\/www.kipsporand.ee\/fi\/vs-nord\/","og_site_name":"VS Nord","article_modified_time":"2020-03-24T11:28:03+00:00","twitter_card":"summary_large_image","twitter_misc":{"Arvioitu lukuaika":"6 minuuttia"},"schema":{"@context":"https:\/\/schema.org","@graph":[{"@type":"WebPage","@id":"https:\/\/www.kipsporand.ee\/fi\/vs-nord\/","url":"https:\/\/www.kipsporand.ee\/fi\/vs-nord\/","name":"Kipsivalulattia | Kipsivalun edut | Sopii k\u00e4ytett\u00e4v\u00e4ksi miss\u00e4 tahansa","isPartOf":{"@id":"https:\/\/www.kipsporand.ee\/fi\/#website"},"datePublished":"2015-09-13T21:00:52+00:00","dateModified":"2020-03-24T11:28:03+00:00","description":"Kuivuu nopeasti, vaimentaa melua ja tarjoaa erinomaisen l\u00e4mm\u00f6njohtavuuden. On ymp\u00e4rist\u00f6yst\u00e4v\u00e4llinen, allergiavapaa. Kipsivalulattia sopii k\u00e4ytett\u00e4v\u00e4k..","breadcrumb":{"@id":"https:\/\/www.kipsporand.ee\/fi\/vs-nord\/#breadcrumb"},"inLanguage":"fi","potentialAction":[{"@type":"ReadAction","target":["https:\/\/www.kipsporand.ee\/fi\/vs-nord\/"]}]},{"@type":"BreadcrumbList","@id":"https:\/\/www.kipsporand.ee\/fi\/vs-nord\/#breadcrumb","itemListElement":[{"@type":"ListItem","position":1,"name":"Home","item":"https:\/\/www.kipsporand.ee\/fi\/"},{"@type":"ListItem","position":2,"name":"Kipsivalun edut"}]},{"@type":"WebSite","@id":"https:\/\/www.kipsporand.ee\/fi\/#website","url":"https:\/\/www.kipsporand.ee\/fi\/","name":"VS Nord","description":"Kipsivalu - kaasaegne, allergiavaba, \u00f5huke","potentialAction":[{"@type":"SearchAction","target":{"@type":"EntryPoint","urlTemplate":"https:\/\/www.kipsporand.ee\/fi\/?s={search_term_string}"},"query-input":"required name=search_term_string"}],"inLanguage":"fi"}]}},"_links":{"self":[{"href":"https:\/\/www.kipsporand.ee\/fi\/wp-json\/wp\/v2\/pages\/20569"}],"collection":[{"href":"https:\/\/www.kipsporand.ee\/fi\/wp-json\/wp\/v2\/pages"}],"about":[{"href":"https:\/\/www.kipsporand.ee\/fi\/wp-json\/wp\/v2\/types\/page"}],"author":[{"embeddable":true,"href":"https:\/\/www.kipsporand.ee\/fi\/wp-json\/wp\/v2\/users\/2"}],"replies":[{"embeddable":true,"href":"https:\/\/www.kipsporand.ee\/fi\/wp-json\/wp\/v2\/comments?post=20569"}],"version-history":[{"count":5,"href":"https:\/\/www.kipsporand.ee\/fi\/wp-json\/wp\/v2\/pages\/20569\/revisions"}],"predecessor-version":[{"id":20766,"href":"https:\/\/www.kipsporand.ee\/fi\/wp-json\/wp\/v2\/pages\/20569\/revisions\/20766"}],"wp:attachment":[{"href":"https:\/\/www.kipsporand.ee\/fi\/wp-json\/wp\/v2\/media?parent=20569"}],"curies":[{"name":"wp","href":"https:\/\/api.w.org\/{rel}","templated":true}]}}